{"id":8,"date":"2016-06-26T21:54:44","date_gmt":"2016-06-26T21:54:44","guid":{"rendered":"http:\/\/kdn.is\/?page_id=8"},"modified":"2022-12-08T09:29:39","modified_gmt":"2022-12-08T09:29:39","slug":"um-kdn-2","status":"publish","type":"page","link":"https:\/\/kdn.is\/?page_id=8","title":{"rendered":"Um KDN"},"content":{"rendered":"<p>Knattspyrnud\u00f3maraf\u00e9lag Nor\u00f0urlands (KDN) var stofna\u00f0 22. apr\u00edl 1997. \u00de\u00e1 haf\u00f0i Knattspyrnud\u00f3maraf\u00e9lag Akureyrar (KDA) haldi\u00f0 uppi starfsemi um nokkurra \u00e1ra skei\u00f0, en me\u00f0 stofnun KDN var\u00f0 \u00feannig til f\u00e9lag knattspyrnud\u00f3marad\u00f3mara \u00e1 \u00f6llu Nor\u00f0urlandi.<\/p>\n<p>Me\u00f0al verkefna f\u00e9lagsins er a\u00f0 halda utan um m\u00e1lefni knattspyrnud\u00f3mara \u00e1 f\u00e9lagssv\u00e6\u00f0inu, a\u00f0 halda uppi fr\u00e6\u00f0slu- og kynningarstarfsemi fyrir d\u00f3mara og a\u00f0 skipuleggja og leggja til d\u00f3mara fyrir \u00fdmsa knattspyrnuvi\u00f0bur\u00f0i sem fram fara \u00e1 f\u00e9lagssv\u00e6\u00f0inu \u00e1 \u00e1ri hverju. Allt fr\u00e1 \u00e1rinu 2004 hefur KDN sta\u00f0i\u00f0 fyrir \u00e6fingam\u00f3ti fyrir meistaraflokksli\u00f0 karla \u00ed knattspyrnu \u00e1 Nor\u00f0urlandi, sem fram hefur fari\u00f0 \u00ed jan\u00faar og febr\u00faar \u00e1r hvert. M\u00f3ti\u00f0 hefur \u00feannig veri\u00f0 li\u00f0ur \u00ed undirb\u00faningi knattspyrnuf\u00e9laga fyrir \u00cdslandsm\u00f3ti\u00f0 \u00ed knattspyrnu \u00ed vel \u00e1 annan \u00e1ratug. \u00de\u00e1 hefur KDN einnig sta\u00f0i\u00f0 fyrir utandeild \u00ed knattspyrnu \u00e1 sumrin, \u00fear sem \u00e1hugaf\u00f3lk um knattspyrnu sem ekki leikur \u00ed efstu deildum \u00cdslandsm\u00f3tsins getur einfaldlega stofna\u00f0 li\u00f0 og skr\u00e1\u00f0 sig til leiks. \u00deetta m\u00f3t hefur svo sannarlega tekist vel og hefur fest sig \u00ed sessi sem st\u00f3r vi\u00f0bur\u00f0ur fyrir f\u00f3lk sem \u00feykir gaman a\u00f0 taka \u00fe\u00e1tt \u00ed skipul\u00f6g\u00f0u knattspyrnum\u00f3ti en \u00e6fir ekki og spilar fyrir f\u00e9lag sem tekur \u00fe\u00e1tt \u00ed \u00cdslandsm\u00f3tinu \u00ed knattspyrnu. Eins hefur KDN \u00ed gegnum \u00e1rin lagt til d\u00f3mara \u00ed m\u00f6rgum \u00e1rlegum knattspyrnum\u00f3tum \u2013 en nefna m\u00e1 N1 m\u00f3t KA, Pollam\u00f3t \u00de\u00f3rs og Ver\u00f0br\u00e9fam\u00f3t Samtaka fj\u00e1rm\u00e1lafyrirt\u00e6kja sem d\u00e6mi.<\/p>\n","protected":false},"excerpt":{"rendered":"<p>Knattspyrnud\u00f3maraf\u00e9lag Nor\u00f0urlands (KDN) var stofna\u00f0 22. apr\u00edl 1997. \u00de\u00e1 haf\u00f0i Knattspyrnud\u00f3maraf\u00e9lag Akureyrar (KDA) haldi\u00f0 uppi starfsemi um nokkurra \u00e1ra skei\u00f0,<\/p>\n","protected":false},"author":1,"featured_media":0,"parent":0,"menu_order":0,"comment_status":"closed","ping_status":"closed","template":"","meta":{"footnotes":""},"_links":{"self":[{"href":"https:\/\/kdn.is\/index.php?rest_route=\/wp\/v2\/pages\/8"}],"collection":[{"href":"https:\/\/kdn.is\/index.php?rest_route=\/wp\/v2\/pages"}],"about":[{"href":"https:\/\/kdn.is\/index.php?rest_route=\/wp\/v2\/types\/page"}],"author":[{"embeddable":true,"href":"https:\/\/kdn.is\/index.php?rest_route=\/wp\/v2\/users\/1"}],"replies":[{"embeddable":true,"href":"https:\/\/kdn.is\/index.php?rest_route=%2Fwp%2Fv2%2Fcomments&post=8"}],"version-history":[{"count":6,"href":"https:\/\/kdn.is\/index.php?rest_route=\/wp\/v2\/pages\/8\/revisions"}],"predecessor-version":[{"id":1412,"href":"https:\/\/kdn.is\/index.php?rest_route=\/wp\/v2\/pages\/8\/revisions\/1412"}],"wp:attachment":[{"href":"https:\/\/kdn.is\/index.php?rest_route=%2Fwp%2Fv2%2Fmedia&parent=8"}],"curies":[{"name":"wp","href":"https:\/\/api.w.org\/{rel}","templated":true}]}}