{"id":3324,"date":"2026-01-16T16:23:24","date_gmt":"2026-01-16T16:23:24","guid":{"rendered":"https:\/\/kdn.is\/?page_id=3324"},"modified":"2026-02-21T21:40:10","modified_gmt":"2026-02-21T21:40:10","slug":"urslit-og-undanurslit-karladeild","status":"publish","type":"page","link":"https:\/\/kdn.is\/?page_id=3324","title":{"rendered":"\u00darslit og undan\u00farslit &#8211; Karladeild"},"content":{"rendered":"\n<p><strong>A-deild<\/strong> <strong>&#8211; undan\u00farslit<\/strong><\/p>\n\n\n\n<figure class=\"wp-block-table\"><table><tbody><tr><td>1-4. s\u00e6ti<\/td><td><strong>\u00de\u00f3r2 &#8211; \u00de\u00f3r<\/strong> <\/td><td>Boginn<\/td><td>Sunnudagur 18.jan &#8211; 15:00<\/td><td>0 &#8211; 3<\/td><\/tr><tr><td>1-4. s\u00e6ti<\/td><td><strong>Magni &#8211; KA <\/strong><\/td><td>Greifav\u00f6llur<\/td><td>Laugardagur 17.jan &#8211; 13:00<\/td><td>0 &#8211; 6<\/td><\/tr><tr><td>5-8. s\u00e6ti<\/td><td><strong>KA2 &#8211; Dalv\u00edk <\/strong><\/td><td>Greifav\u00f6llur<\/td><td>F\u00f6studagur 16.jan &#8211; 18:30<\/td><td>3 &#8211; 1<\/td><\/tr><tr><td>5-8. s\u00e6ti<\/td><td><strong>V\u00f6lsungur &#8211; KFA<\/strong><\/td><td>Boginn<\/td><td>F\u00f6studagur 16.jan &#8211; 20:15<\/td><td>3 &#8211; 1<\/td><\/tr><\/tbody><\/table><\/figure>\n\n\n\n<p><strong><strong>B-deild &#8211; undan\u00farslit<\/strong><\/strong><\/p>\n\n\n\n<figure class=\"wp-block-table\"><table><tbody><tr><td>1-4. s\u00e6ti<\/td><td><strong>KF &#8211; H\u00f6ttur<\/strong> <\/td><td>Boginn<\/td><td>Laugardagur 24.jan &#8211; 14:00<\/td><td>1 &#8211; 1 (KF vinnur \u00ed v\u00edt\u00f3)<\/td><\/tr><tr><td>1-4. s\u00e6ti<\/td><td><strong>\u00de\u00f3r3 &#8211; Tindast\u00f3ll<\/strong><\/td><td>Boginn<\/td><td>Mi\u00f0vikudagur 4.feb &#8211; 18:30<\/td><td>1 &#8211; 2<\/td><\/tr><tr><td>5-8. s\u00e6ti<\/td><td><strong>KA4 &#8211; \u00de\u00f3r4<\/strong><\/td><td>Greifav\u00f6llur<\/td><td>Fimmtudagur 15.jan &#8211; 19:00<\/td><td>1 &#8211; 3<\/td><\/tr><tr><td>5-8. s\u00e6ti<\/td><td><strong>KA3 &#8211; Hamrarnir<\/strong><\/td><td>Greifav\u00f6llur<\/td><td>Sunnudagur 18.jan &#8211; 13:30<\/td><td>2 &#8211; 8<\/td><\/tr><\/tbody><\/table><\/figure>\n\n\n\n<p><strong>A-deild &#8211; \u00darslit <\/strong><\/p>\n\n\n\n<figure class=\"wp-block-table\"><table><tbody><tr><td>1-2. s\u00e6ti<\/td><td><strong>KA <\/strong>&#8211; <strong>\u00de\u00f3r<\/strong> <\/td><td>&#8212;-<\/td><td>&#8212;&#8212;-<\/td><td> &#8211;<\/td><\/tr><tr><td>3-4. s\u00e6ti<\/td><td><strong>\u00de\u00f3r2<\/strong> &#8211; <strong>Magni<\/strong><\/td><td>Boginn<\/td><td>F\u00f6studagur 23.jan &#8211; 19:00<\/td><td>3 &#8211; 0<\/td><\/tr><tr><td>5-6. s\u00e6ti<\/td><td><strong>KA2 &#8211; V\u00f6lsungur <\/strong><\/td><td>&#8212;-<\/td><td>&#8212;&#8212;-<\/td><td> &#8211;<\/td><\/tr><tr><td>7-8. s\u00e6ti<\/td><td><strong>KFA &#8211; Dalv\u00edk<\/strong><\/td><td>Greifav\u00f6llur<\/td><td>Laugardagur 24.jan &#8211; 14:00<\/td><td>2 &#8211; 4<\/td><\/tr><\/tbody><\/table><\/figure>\n\n\n\n<p><strong>B-deild &#8211; \u00darslit <\/strong><\/p>\n\n\n\n<figure class=\"wp-block-table\"><table><tbody><tr><td>1-2. s\u00e6ti<\/td><td><strong>KF &#8211; Tindast\u00f3ll<\/strong><\/td><td>&#8212;-<\/td><td>&#8212;&#8212;-<\/td><td> &#8211; <\/td><\/tr><tr><td>3-4. s\u00e6ti<\/td><td><strong>\u00de\u00f3r3 &#8211; H\u00f6ttur<\/strong><\/td><td>Boginn<\/td><td>Sunnudagur 22.feb &#8211; 16:00<\/td><td> &#8211; <\/td><\/tr><tr><td>5-6. s\u00e6ti<\/td><td><strong>Hamrarnir &#8211; \u00de\u00f3r4<\/strong><\/td><td>Greifav\u00f6llur<\/td><td>Fimmtudagur 5.feb &#8211; 20:00 <\/td><td>3 &#8211; 1<\/td><\/tr><tr><td>7-8. s\u00e6ti<\/td><td><strong>KA4<\/strong> &#8211; <strong>KA3<\/strong><\/td><td>Greifav\u00f6llur<\/td><td>F\u00f6studagur 30.jan &#8211; 17:15<\/td><td>3 &#8211; 0<\/td><\/tr><\/tbody><\/table><\/figure>\n","protected":false},"excerpt":{"rendered":"<p>A-deild &#8211; undan\u00farslit 1-4. s\u00e6ti \u00de\u00f3r2 &#8211; \u00de\u00f3r Boginn Sunnudagur 18.jan &#8211; 15:00 0 &#8211; 3 1-4. s\u00e6ti Magni &#8211;<\/p>\n","protected":false},"author":1,"featured_media":0,"parent":2069,"menu_order":0,"comment_status":"closed","ping_status":"closed","template":"","meta":{"footnotes":""},"_links":{"self":[{"href":"https:\/\/kdn.is\/index.php?rest_route=\/wp\/v2\/pages\/3324"}],"collection":[{"href":"https:\/\/kdn.is\/index.php?rest_route=\/wp\/v2\/pages"}],"about":[{"href":"https:\/\/kdn.is\/index.php?rest_route=\/wp\/v2\/types\/page"}],"author":[{"embeddable":true,"href":"https:\/\/kdn.is\/index.php?rest_route=\/wp\/v2\/users\/1"}],"replies":[{"embeddable":true,"href":"https:\/\/kdn.is\/index.php?rest_route=%2Fwp%2Fv2%2Fcomments&post=3324"}],"version-history":[{"count":16,"href":"https:\/\/kdn.is\/index.php?rest_route=\/wp\/v2\/pages\/3324\/revisions"}],"predecessor-version":[{"id":4252,"href":"https:\/\/kdn.is\/index.php?rest_route=\/wp\/v2\/pages\/3324\/revisions\/4252"}],"up":[{"embeddable":true,"href":"https:\/\/kdn.is\/index.php?rest_route=\/wp\/v2\/pages\/2069"}],"wp:attachment":[{"href":"https:\/\/kdn.is\/index.php?rest_route=%2Fwp%2Fv2%2Fmedia&parent=3324"}],"curies":[{"name":"wp","href":"https:\/\/api.w.org\/{rel}","templated":true}]}}