{"id":1414,"date":"2022-12-09T08:50:42","date_gmt":"2022-12-09T08:50:42","guid":{"rendered":"http:\/\/kdn.is\/?page_id=1414"},"modified":"2023-12-10T12:31:41","modified_gmt":"2023-12-10T12:31:41","slug":"reglur-motsins","status":"publish","type":"page","link":"http:\/\/kdn.is\/?page_id=1414","title":{"rendered":"Reglur m\u00f3tsins"},"content":{"rendered":"<p>Kjarnaf\u00e6\u00f0im\u00f3ti\u00f0 er spila\u00f0 eftur <a href=\"https:\/\/www.ksi.is\/domaramal\/log-og-reglur\/knattspyrnulogin\/\">knattspyrnul\u00f6gunum<\/a>.<\/p>\n<p>Skiptingar eru \u00f3takmarka\u00f0ar \u00fear til seinni h\u00e1lfleikur er hafinn. Eftir \u00fea\u00f0 m\u00e1 skipta 5 leikm\u00f6nnum \u00ed 3 stoppum.<\/p>\n<p>&nbsp;<\/p>\n","protected":false},"excerpt":{"rendered":"<p>Kjarnaf\u00e6\u00f0im\u00f3ti\u00f0 er spila\u00f0 eftur knattspyrnul\u00f6gunum. Skiptingar eru \u00f3takmarka\u00f0ar \u00fear til seinni h\u00e1lfleikur er hafinn. Eftir \u00fea\u00f0 m\u00e1 skipta 5 leikm\u00f6nnum<\/p>\n","protected":false},"author":5,"featured_media":0,"parent":0,"menu_order":0,"comment_status":"closed","ping_status":"closed","template":"","meta":{"footnotes":""},"_links":{"self":[{"href":"http:\/\/kdn.is\/index.php?rest_route=\/wp\/v2\/pages\/1414"}],"collection":[{"href":"http:\/\/kdn.is\/index.php?rest_route=\/wp\/v2\/pages"}],"about":[{"href":"http:\/\/kdn.is\/index.php?rest_route=\/wp\/v2\/types\/page"}],"author":[{"embeddable":true,"href":"http:\/\/kdn.is\/index.php?rest_route=\/wp\/v2\/users\/5"}],"replies":[{"embeddable":true,"href":"http:\/\/kdn.is\/index.php?rest_route=%2Fwp%2Fv2%2Fcomments&post=1414"}],"version-history":[{"count":2,"href":"http:\/\/kdn.is\/index.php?rest_route=\/wp\/v2\/pages\/1414\/revisions"}],"predecessor-version":[{"id":1461,"href":"http:\/\/kdn.is\/index.php?rest_route=\/wp\/v2\/pages\/1414\/revisions\/1461"}],"wp:attachment":[{"href":"http:\/\/kdn.is\/index.php?rest_route=%2Fwp%2Fv2%2Fmedia&parent=1414"}],"curies":[{"name":"wp","href":"https:\/\/api.w.org\/{rel}","templated":true}]}}